{"id":6,"date":"2017-02-22T21:52:20","date_gmt":"2017-02-22T21:52:20","guid":{"rendered":"http:\/\/poolochspaservice.se\/?page_id=2"},"modified":"2026-05-10T16:39:50","modified_gmt":"2026-05-10T15:39:50","slug":"about","status":"publish","type":"page","link":"https:\/\/poolochspaservice.se\/","title":{"rendered":"Kontakt information"},"content":{"rendered":"<p><strong>En\u00a0service verkstad i samarbete med Folkpool T\u00e4by<\/strong><\/p>\n<p><strong>Kontakt\u00a0 \u00a0 <\/strong><\/p>\n<p>Maila er f\u00f6rfr\u00e5gan och beskriv s\u00e5 utf\u00f6rligt som m\u00f6jligt ert \u00e4rende samt bifoga g\u00e4rna bild\/bilder\/video till :<\/p>\n<p>info@poolochspaservice.se<\/p>\n<p><strong>I Samarbete med<\/strong><\/p>\n<p>-Folkpool T\u00e4by<\/p>\n<p>-M\u00f6llers Pool &amp; Bygg AB<\/p>\n<p style=\"text-align: center;\">-Pahlen<\/p>\n<p>F\u00f6retaget Pool &amp; Spa Service i T\u00e4by AB startades \u00e5r 2016 i samarbete med T\u00e4by Pool &amp; Spa AB, f\u00f6r att f\u00f6rst och fr\u00e4mst kunna ge Folkpool kunder i T\u00e4by med omnejd en s\u00e5 bra och lokal service som m\u00f6jligt.<\/p>\n<p>Vi utf\u00f6r ocks\u00e5 reparationer av pool pumpar och poolrobotar mm&#8230; i v\u00e5r verkstad.<\/p>\n<p>Med ett serviceavtal f\u00f6r din swimmingpool kan du som Folkpool \u00e4gare undvika on\u00f6diga driftstopp under bads\u00e4song.<\/p>\n<p>Vi har ett stort utbud av reservdelar (packningar, rostfri skruv, kullager,\u00a0 r\u00f6rkopplingar, r\u00f6r, slang, beg. poolguards delar, mm..)\u00a0 och lagerf\u00f6r det mesta du kan beh\u00f6va till din swimmingpool eller till ditt spabad.<\/p>\n","protected":false},"excerpt":{"rendered":"<p>En\u00a0service verkstad i samarbete med Folkpool T\u00e4by Kontakt\u00a0 \u00a0 Maila er f\u00f6rfr\u00e5gan och beskriv s\u00e5 utf\u00f6rligt som m\u00f6jligt ert \u00e4rende samt bifoga g\u00e4rna bild\/bilder\/video till : info@poolochspaservice.se I Samarbete med -Folkpool T\u00e4by -M\u00f6llers Pool &amp; Bygg AB -Pahlen F\u00f6retaget Pool &amp; Spa Service i T\u00e4by AB startades \u00e5r 2016 i samarbete med T\u00e4by Pool &amp; &hellip; <\/p>\n<p class=\"link-more\"><a href=\"https:\/\/poolochspaservice.se\/\" class=\"more-link\">Forts\u00e4tt l\u00e4sa<span class=\"screen-reader-text\"> &#8221;Kontakt information&#8221;<\/span><\/a><\/p>\n","protected":false},"author":2,"featured_media":0,"parent":0,"menu_order":0,"comment_status":"open","ping_status":"open","template":"","meta":[],"_links":{"self":[{"href":"https:\/\/poolochspaservice.se\/index.php?rest_route=\/wp\/v2\/pages\/6"}],"collection":[{"href":"https:\/\/poolochspaservice.se\/index.php?rest_route=\/wp\/v2\/pages"}],"about":[{"href":"https:\/\/poolochspaservice.se\/index.php?rest_route=\/wp\/v2\/types\/page"}],"author":[{"embeddable":true,"href":"https:\/\/poolochspaservice.se\/index.php?rest_route=\/wp\/v2\/users\/2"}],"replies":[{"embeddable":true,"href":"https:\/\/poolochspaservice.se\/index.php?rest_route=%2Fwp%2Fv2%2Fcomments&post=6"}],"version-history":[{"count":39,"href":"https:\/\/poolochspaservice.se\/index.php?rest_route=\/wp\/v2\/pages\/6\/revisions"}],"predecessor-version":[{"id":264,"href":"https:\/\/poolochspaservice.se\/index.php?rest_route=\/wp\/v2\/pages\/6\/revisions\/264"}],"wp:attachment":[{"href":"https:\/\/poolochspaservice.se\/index.php?rest_route=%2Fwp%2Fv2%2Fmedia&parent=6"}],"curies":[{"name":"wp","href":"https:\/\/api.w.org\/{rel}","templated":true}]}}