{"id":51,"date":"2018-11-12T12:49:32","date_gmt":"2018-11-12T11:49:32","guid":{"rendered":"http:\/\/poolochspaservice.se\/?page_id=51"},"modified":"2026-03-09T09:39:36","modified_gmt":"2026-03-09T08:39:36","slug":"pool","status":"publish","type":"page","link":"http:\/\/poolochspaservice.se\/?page_id=51","title":{"rendered":"Pool"},"content":{"rendered":"<p><strong>Vi utf\u00f6r en m\u00e4ngd olika servicearbeten och reparationer \u00e5t Folkpool T\u00e4bys kunder.<\/strong><\/p>\n<p><strong>Pool Service och prislista ( F\u00f6ruts\u00e4tter en Folkpool standard typ 3&#215;6 till 4x8m )<\/strong><\/p>\n<p>Framk\u00f6rning\/Startavgift:<br \/>1 timmes arbete p\u00e5 plats ink. f\u00f6rbrukningsmateriel och service bil.<br \/><em>*Pris: 3 390 kr<\/em><\/p>\n<p><strong>Arbetskostnad\u00a0<\/strong><\/p>\n<p>* 990kr\/tim<\/p>\n<p><strong>*Resa<\/strong><\/p>\n<p>\u00f6ver 30 km\/resa eller \u00f6ver 30 min\/resv\u00e4g fr\u00e5n serviceverkstaden i T\u00e4by debiteras kund med 90kr\/mil och 990kr per p\u00e5b\u00f6rjad timme.<\/p>\n<p><strong>V\u00e5rstart \/ Vinterst\u00e4ngning<\/strong><\/p>\n<p>1 st servicebes\u00f6k april-maj<br \/><em>*Pris: 3890 kr Inkl. resa.\u00a0\u00a0*( Se avtal och villkor f\u00f6r mer info )<\/em><\/p>\n<p><strong>+Pl\u00e5thantering<\/strong> max 3m fr\u00e5n pool tillkommer med pris fr\u00e5n 2500 kr Vinterpl\u00e5t l\u00e4ggs bredvid vid poolens kortsida vintertid. Pl\u00e5tar l\u00e4ngre bort \u00e4n 3m fr\u00e5n poolen kan vi tyv\u00e4rr inte hantera p.g.a. en ej h\u00e5llbar arbetsmilj\u00f6 f\u00f6r v\u00e5ra anst\u00e4llda.\u00a0<\/p>\n<p>*vi ansvarar ej ansvar om pl\u00e5tarna flyttar sig eller bl\u00e5ser i v\u00e4g, f\u00f6rankring av pl\u00e5tar \u00e4r ni som pool\u00e4gare ansvarig f\u00f6r.<\/p>\n<p><strong>+ Till\u00e4gg Poolguard<\/strong> 1 200kr<\/p>\n<p><strong>+ Till\u00e4gg B\u00e4ra in poolv\u00e4rmepump<\/strong> 1 200kr<\/p>\n<p><strong>+ Till\u00e4gg Hantering av vinter\u00f6verdrag<\/strong> (mjukt med gummiband) 990kr<\/p>\n<p><strong>+ Till\u00e4gg tyngder i trappa<\/strong> i pool f\u00f6r att linern (ej svetsad liner) ej ska halka ned under vintern 1 200kr<\/p>\n<p>\u00a0<\/p>\n<p><strong>1, Avtal V\u00e5r\/Vinter <\/strong><\/p>\n<p>*Pris fr\u00e5n 6 990kr\/\u00e5r *( Se avtal och villkor f\u00f6r mer info )<\/p>\n<p><strong>2, Avtal V\u00e5r\/Vinter+1ggr\/m\u00e5nad ( Maj-Sep )<\/strong><\/p>\n<p>*Pris fr\u00e5n18 490kr\/\u00e5r *( Se avtal och villkor f\u00f6r mer info )<\/p>\n<p><strong>\u00a0<\/strong><\/p>\n<p><strong>3, Avtal V\u00e5r\/Vinter+1ggr\/vecka ( Maj \u2013 Sep )<\/strong><\/p>\n<p>*Pris fr\u00e5n 39 990kr\/\u00e5r *( Se avtal och villkor f\u00f6r mer info )<\/p>\n<p><strong>Serviceavtal v\u00e5r &amp; vinter<\/strong><\/p>\n<p><em>Detta ing\u00e5r i serviceavtal v\u00e5r\/vinter:<\/em><\/p>\n<ul>\n<li>1 st V\u00e5r\u00f6ppning, april-maj.<\/li>\n<li>1 st Vinterst\u00e4ngning, oktober-november.<\/li>\n<li>Ihop koppling, provk\u00f6rning av reningssystem (med adapter)<\/li>\n<li>M\u00e4tning av vattenkvalit\u00e9 2 ggr\/\u00e5r, m\u00e4tning av pH, alkalinitet, klor,<\/li>\n<li>Funktionskontroll<strong>.<\/strong><\/li>\n<li>Grovreng\u00f6ring med h\u00e5v (ej bottensugning) max 15 minuters arbete.<\/li>\n<li>Dr\u00e4nering av reningssystem (vid vinterst\u00e4ngning).<\/li>\n<li>Konservering (Algdr\u00e4pare ing\u00e5r)<strong>. <\/strong><\/li>\n<li>Vid tecknande av serviceavtal garanterar Pool och Spa Service AB servicetagaren mot uppkomna frysskador som uppkommer av felaktigt handhavande vid vinterst\u00e4ngning.<\/li>\n<\/ul>\n<p><strong><em>*\u00d6nskas pl\u00e5thantering se nedan<\/em>.<\/strong><\/p>\n<p><strong><em>Pris: 6 690kr*<\/em><\/strong><\/p>\n<p><strong>Hantering av vinterpl\u00e5tar i n\u00e4ra anslutning till pool (max 3m), v\u00e5r och vinter: <\/strong><\/p>\n<p><strong>Pris: 4 000kr* (V\u00e5r+Vinter)<\/strong><\/p>\n<p><em>\u00a0Detta ing\u00e5r i hantering av vinterpl\u00e5tar:<\/em><\/p>\n<p><em>Vinterpl\u00e5t l\u00e4ggs bredvid vid poolens kortsida. Vid st\u00e4ngning ska pl\u00e5tar ligga p\u00e5 samma st\u00e4lle som vid avt\u00e4ckning senast vecka 39. Det \u00e4r <\/em><em>servicetagarens ansvar att se till att pl\u00e5tar b\u00e4rs fram till poolkant innan pool st\u00e4ngning.<\/em><\/p>\n<p><strong>Ing\u00e5r ej i serviceavtal\/hantering av pl\u00e5tar:<\/strong><\/p>\n<ul>\n<li>Extra arbeten\/produkter\/material utanf\u00f6r checklistan, s\u00e5 som reparationer eller utbyte av slitna och trasiga delar. Pool kemikalier, salt och \u00f6vriga poolv\u00e5rdsprodukter.<\/li>\n<\/ul>\n<p>Best\u00e4ll g\u00e4rna poolkemi i samband med \u00f6ppning och st\u00e4ngning, debiteras i samband med fakturan f\u00f6r vinterst\u00e4ngning \/ v\u00e5r\u00f6ppning.<\/p>\n<p><strong>Priser och betalningsvillkor.<\/strong><\/p>\n<p>Priser g\u00e4ller Folkpools swimmingpooler i storlek upp till 4x8m, st\u00f6rre eller annan swimmingpool offereras separat.<\/p>\n<p>Betalning sker med halva beloppet efter v\u00e5r\u00f6ppning samt vinterst\u00e4ngning.<\/p>\n<p>Avtalet ska s\u00e4gas upp senast tre m\u00e5nader innan inbokat arbete, annars tillkommer 50% i avbokningsavgift.<\/p>\n<p>Prisjusteringar i detta avtal meddelas senast 30\/11 varje \u00e5r skriftligen.<\/p>\n<p>Avtalspriser g\u00e4ller endast inom Folkpool T\u00e4bys f\u00f6rs\u00e4ljningsdistrikt om inget annat avtalats.<\/p>\n<p>Kan arbete ej utf\u00f6ras p\u00e5 grund av bristande ansvar av servicetagare debiteras 1990kr\/g\u00e5ng. Det \u00e4r servicetagarens ansvar att se till att tex nycklar, eluttag, vatten samt eventuella vinterpl\u00e5tar tillhandah\u00e5lls p\u00e5 plats.<\/p>\n<p>Priser som f\u00f6rmedlas \u00e4r inklusive merv\u00e4rdesskatt.<\/p>\n<p>Avtalstid:<\/p>\n<p>Avtalet g\u00e4ller avtalad serviceperiod. Tre m\u00e5naders upps\u00e4gningstid. Annars l\u00f6per avtalet automatiskt vidare med 1 \u00e5r. Detta g\u00e4ller b\u00e5da parter. P\u00e5b\u00f6rjas avtalet mellan de 2 servicebes\u00f6ken debiteras faktiskt utf\u00f6rt arbete.<\/p>\n<p>*Resa \u00f6ver 30 km\/resa eller \u00f6ver 30 min\/resv\u00e4g fr\u00e5n serviceverkstaden i T\u00e4by debiteras kund med 990 kr per p\u00e5b\u00f6rjad timme samt 90kr\/mil.<\/p>\n<p><strong>\u00a0<\/strong><\/p>\n<p><strong>V\u00e5rstart pool\u00a0<\/strong><br \/><em>Detta ing\u00e5r i v\u00e5r\u00f6ppning:<\/em><br \/>\u2022\u00a0\u00a0 \u00a0Ihop koppling, Provk\u00f6rning av reningssystem (uppstart med adapter)<br \/>\u2022\u00a0\u00a0 \u00a0Grovreng\u00f6ring av botten med h\u00e5v (ej bottensugning) (max 15 min)<br \/>\u2022\u00a0\u00a0 \u00a0M\u00e4tning av vattenkvalit\u00e9, pH, alkalinitet, klor<br \/>\u2022\u00a0\u00a0 \u00a0Funktionskontroll<br \/>\u2022\u00a0\u00a0 \u00a0Protokoll med checklista samt vattenkvalit\u00e9 2 st\/\u00e5r ing\u00e5r<\/p>\n<p>1 st servicebes\u00f6k april-maj<br \/><strong><em>*Pris: 3 890kr Inkl. resa.\u00a0<\/em><\/strong><\/p>\n<p>Pl\u00e5thantering samt skruvning.\u00a0 max 3m fr\u00e5n pool tillkommer med 1800kr (art 81030)\u00a0 Vinterpl\u00e5t l\u00e4ggs bredvid vid poolens kortsida.<\/p>\n<p><strong>St\u00e4ngning\u00a0 pool<br \/><\/strong><em>Poolens temperatur f\u00e5r inte \u00f6verstiga 10 grader<\/em>.<br \/><em>Detta ing\u00e5r i st\u00e4ngning:<\/em><\/p>\n<ul>\n<li>Dr\u00e4nering samt fryss\u00e4kring av reningssystem.<\/li>\n<li>Grovreng\u00f6ring av botten med h\u00e5v (ej bottensugning)max 15 min.<\/li>\n<li>M\u00e4tning av pH, alkalinitet, klor samt salthalt, (kemikalier och salt ing\u00e5r ej).<\/li>\n<li>Dr\u00e4nering av poolvatten vid behov.<\/li>\n<li>Montering av ex. frysblock eller andra vintertillbeh\u00f6r vid behov.<\/li>\n<li>\u00a0<\/li>\n<li>Protokoll med checklista samt vattenkvalit\u00e9.<\/li>\n<\/ul>\n<p>1 st servicebes\u00f6k oktober-November<br \/><strong><em>*Pris: 3 890:- Inkl. resa.<\/em><\/strong><\/p>\n<p><strong>Pl\u00e5thantering<\/strong> tillkommer med <strong>Pris. 2500kr\/tillf\u00e4lle<\/strong>, vinterpl\u00e5t ska ligga bredvid vid poolens kortsida ( max 3m).<\/p>\n<p><strong>\u00a0<\/strong><\/p>\n<p><b>Service Pool v\u00e4rmepump (b\u00f6r utf\u00f6ras 1 ggr\u00a0\/ \u00e5r)<\/b><\/p>\n<p>Detta ing\u00e5r i service pool v\u00e4rmepump.(g\u00e4ller pumpar s\u00e5lda av Folkpool)<\/p>\n<ul>\n<li><strong>Arbete<\/strong><\/li>\n<li><strong>Framk\u00f6rning<\/strong><\/li>\n<li><strong>Funktionskontroll, \u00f6versyn kretskort, v\u00e4rmev\u00e4xlare, givare, kopplingar <\/strong><\/li>\n<li><strong>Reng\u00f6ring av kylfl\u00e4nsar samt\u00a0pool v\u00e4rmepump<\/strong><\/li>\n<\/ul>\n<p><strong><em>\u00a0<\/em><\/strong><\/p>\n<p><strong><em>*Pris\u00a0 3 690kr<\/em><\/strong><\/p>\n<p>*Resa \u00f6ver 30 km\/resa eller \u00f6ver 45 min\/resv\u00e4g fr\u00e5n serviceverkstaden i T\u00e4by debiteras kund med 990 kr per p\u00e5b\u00f6rjad timme.<\/p>\n<p><strong>Poolservice <\/strong><\/p>\n<ul>\n<li>\u00a0Framk\u00f6rning och 1 timmes arbete p\u00e5 plats (min debitering) d\u00e4refter l\u00f6pande\u00a0 \u00a0r\u00e4kning \u00e1 990kr \/ timme.<br \/><strong><em>*Pris: 3 390kr<\/em><\/strong><\/li>\n<\/ul>\n<p><strong>Pumprenovering Haywards Pool pumpar Max-flo, Max-flo II samt superpump.<\/strong><\/p>\n<p>Detta ing\u00e5r i Pumprenovering:<br \/>\u2022\u00a0\u00a0 \u00a0Funktionskontroll (uppm\u00e4tning fasfel 3-fas pump)<br \/>\u2022\u00a0\u00a0 \u00a0Byte av lager demontering samt montering.<br \/>\u2022\u00a0\u00a0 \u00a0Byte av packningar samt axelt\u00e4tning.<br \/>\u2022\u00a0\u00a0 \u00a0Funktionskontroll\/provk\u00f6rning i testrigg med vatten.<\/p>\n<p><em>F\u00f6r detta pris g\u00e4ller att kund l\u00e4mnar samt h\u00e4mtar pump i butiken. Det kan ta upp till 5 arbetsdagar, l\u00e5nepump kan finnas under tiden. Om pump \u00e4r illa skadad i axel eller liknande erbjuds kund att k\u00f6pa en ny pump med 10% rabatt. Vi beh\u00e5ller gamla pumpen. G\u00e4ller pump fr\u00e5n folkpool.<\/em><\/p>\n<p><strong><em>*Pris: 3 890kr\u00a0 Tillkommer 3 690kr om pump ska demonteras och \u00e5terinstalleras hos kund.<\/em><\/strong><\/p>\n<p><strong>Byte av axelt\u00e4tning<\/strong><\/p>\n<p><em>Ing\u00e5r i byte axelt\u00e4tning pump\u00a0\u00a0\u00a0\u00a0\u00a0\u00a0\u00a0\u00a0\u00a0\u00a0\u00a0 <\/em><\/p>\n<ul>\n<li>Arbete<\/li>\n<li>Axelt\u00e4tning.<\/li>\n<\/ul>\n<p><em>F\u00f6r detta pris g\u00e4ller att kund l\u00e4mnar samt h\u00e4mtar pump i butiken. Det kan ta upp till 5 arbetsdagar, l\u00e5nepump kan finnas under tiden. Om pump \u00e4r illa skadad i axel eller liknande erbjuds kund att k\u00f6pa en ny pump med 10% rabatt. Vi beh\u00e5ller gamla pumpen. G\u00e4ller pumpar fr\u00e5n Folkpool.<\/em><\/p>\n<p><strong><em>*Pris 1 690kr\u00a0 tillkommer med 3 690kr om det ska g\u00f6ras p\u00e5 plats hos kund av servicetekniker.<\/em><\/strong><\/p>\n<p><em>*Priset g\u00e4ller f\u00f6r pump fr\u00e5n Folkpool.<\/em><\/p>\n<p><strong>\u00a0<\/strong><\/p>\n<p><b>Byte pump inkl. anslutningspaket exkl.\u00a0valfri pump <\/b><\/p>\n<p>I priset ing\u00e5r<\/p>\n<ul>\n<li>Framk\u00f6rning,<\/li>\n<li>Arbete,<\/li>\n<li>4 kopplingar (ej ventiler)<\/li>\n<li>2 meter flexslang.<\/li>\n<li>Pump ing\u00e5r ej!!<\/li>\n<\/ul>\n<p><strong><em>*Pris 3 690kr<\/em><\/strong><\/p>\n<p><em>F\u00f6r detta pris g\u00e4ller ett v\u00e4l \u00e5tkomligt utrymme. Befintlig utrustning ska ha 1.5 \u00a0tums g\u00e4nga. Avst\u00e4ngningsventiler skall finnas p\u00e5 plats, pool butiken ansvarar ej f\u00f6r utbyte av motorskydd vid\u00a0 3-fas pump. Detta ska utf\u00f6ras av beh\u00f6rig elektriker. vid exempelvis kopparr\u00f6r eller lim anslutningar tillkommer det extra anslutningsdetaljer och arbetstid.<\/em><\/p>\n<p><strong><em>\u00a0<\/em><\/strong><\/p>\n<p>*Resa \u00f6ver 30 km\/resa eller \u00f6ver 45 min\/resv\u00e4g fr\u00e5n serviceverkstaden i T\u00e4by debiteras kund med 990 kr per p\u00e5b\u00f6rjad timme.<\/p>\n<p><strong><em>\u00a0Byte av filtermedia i sandfilter ( filtermedia tillkommer efter \u00e5tg\u00e5ng ).<\/em><\/strong><\/p>\n<p>I priset ing\u00e5r:<\/p>\n<ul>\n<li>Framk\u00f6rning<\/li>\n<li>Arbete<\/li>\n<li>o-ring mellan ventil och tank.<\/li>\n<\/ul>\n<p><strong><em>Pris:\u00a0\u00a0\u00a0\u00a0\u00a0\u00a0\u00a0\u00a0\u00a0\u00a0\u00a0\u00a0\u00a0\u00a0\u00a0\u00a0\u00a0\u00a0\u00a0\u00a0 <\/em><\/strong><\/p>\n<p><strong><em>*3 690kr Sandfilter Max 50kg<\/em><\/strong><\/p>\n<p><strong><em>*4 890kr Sandfilter Max 100kg<\/em><\/strong><\/p>\n<p><strong><em>*5 990kr Sandfilter Max 150kg<\/em><\/strong><\/p>\n<p><em>F\u00f6r detta g\u00e4ller att sandfiltret ska vara \u00e5tkomligt i ett utrymme som har minst 1 meter fri h\u00f6jd \u00f6ver filtret samt fri yta framf\u00f6r. Eluttag upp s\u00e4krat med minst 10 ampere kr\u00e4vs. Priset kr\u00e4ver att det \u00e4r ett sandfilter fr\u00e5n Folkpool. Samt att gammal filtermedia l\u00e4mnas hos kund. Milj\u00f6 avgift tillkommer med 1490kr om kund vill att tekniker tar med filter<\/em><i>media<\/i><\/p>\n<p><em><b>Byte komplett \u00a0sandfilter exkl.\u00a0valfritt sandfilter <\/b><\/em><\/p>\n<p><em><b>*G\u00e4ller vid k\u00f6p av ett nytt fr\u00e5n oss<\/b><\/em><\/p>\n<p>I priset ing\u00e5r:<\/p>\n<ul>\n<li>Framk\u00f6rning<\/li>\n<li>Arbete,<\/li>\n<li>4 kopplingar(ej ventiler)<\/li>\n<li>2 meter flexslang<\/li>\n<li>Sandfilter och filtermedia ing\u00e5r ej<\/li>\n<\/ul>\n<p><strong><em>\u00a0<\/em><\/strong><\/p>\n<p><strong><em>Pris:\u00a0\u00a0\u00a0\u00a0\u00a0\u00a0\u00a0\u00a0\u00a0\u00a0\u00a0\u00a0\u00a0\u00a0\u00a0\u00a0\u00a0\u00a0\u00a0\u00a0 <\/em><\/strong><\/p>\n<p><strong><em>*3 690kr Sandfilter Max 50kg<\/em><\/strong><\/p>\n<p><strong><em>*4 890kr Sandfilter Max 100kg<\/em><\/strong><\/p>\n<p><strong><em>*5 990kr Sandfilter Max 150kg<\/em><\/strong><\/p>\n<p><em>F\u00f6r detta g\u00e4ller att sandfiltret ska vara \u00e5tkomligt i ett utrymme som har minst 1 meter fri h\u00f6jd \u00f6ver filtret samt fri yta framf\u00f6r. Eluttag upp s\u00e4krat med minst 10 ampere kr\u00e4vs. Priset kr\u00e4ver att det \u00e4r ett sandfilter fr\u00e5n Folkpool. Samt att gammal filtermedia och sandfilter l\u00e4mnas hos kund. Milj\u00f6 avgift tillkommer med 1490kr om kund vill att tekniker tar med filtermedia och sandfilter till \u00e5tervinningsstation.<\/em><\/p>\n<p>\u00a0<\/p>\n<div id=\"svid12_1d90e38f188f44dd925e43c6\" class=\"sv-text-portlet sv-use-margins sv-skip-spacer\">\n<div class=\"sv-text-portlet-content\">\n<p><strong>Installation av Saltklorenator<\/strong><\/p>\n<p><strong>*Pris. 3 390kr<\/strong><\/p>\n<p class=\"preamble\">En saltklorinator ger mycket effektivt desinficering, s\u00e5 att du f\u00e5r ett rent hygieniskt vatten i din pool.<\/p>\n<p class=\"normal\">Servicetj\u00e4nster g\u00e4ller vid installation eller byte av saltklorinator.<\/p>\n<\/div>\n<\/div>\n<div id=\"svid12_322d14e5184488464df6988c\" class=\"sv-text-portlet sv-use-margins Knapp c12506\">\n<div class=\"sv-text-portlet-content\">\n<p class=\"preamble\">Villkor:<\/p>\n<\/div>\n<\/div>\n<div id=\"svid12_15f059a418041029344dfd27\" class=\"sv-text-portlet sv-use-margins\">\n<div class=\"sv-text-portlet-content\">\n<ul class=\" litenxtext\">\n<li>G\u00e4ller installation av saltklorinator Softclean 50 eller Zodiac Ei2 p\u00e5 befintlig poolanl\u00e4ggning.<\/li>\n<li>Omdragning av r\u00f6r f\u00f6r att flytta p\u00e5 pump eller andra befintliga komponenter ing\u00e5r ej.<\/li>\n<li>Transportv\u00e4g in till plats f\u00f6r saltklorinatorn samt ut f\u00f6r den gamla ska vara l\u00e4ttillg\u00e4nglig och fri fr\u00e5n hinder.<\/li>\n<li>Fungerande golvbrunn\/t\u00e4tskikt m\u00e5ste finnas i utrymmet d\u00e4r saltklorinatorn ska monteras.<\/li>\n<li>Poolens komponenter, inbyggnads\u00adarmaturer mm ska vara anpassade f\u00f6r saltvatten.<\/li>\n<li>Eventuellt skydd av golv och m\u00f6bler med mera ansvarar du som kund f\u00f6r.<\/li>\n<li>Plats f\u00f6r montage m\u00e5ste finnas i teknikutrymmet, kontakta butik f\u00f6r mer information.<\/li>\n<li>Fungerande avst\u00e4ngningsventil till inkommande poolvatten m\u00e5ste finnas.<\/li>\n<li>Poolsalt f\u00f6r att kunna drifts\u00e4tta saltklorinatorn och kostnad f\u00f6r detta tillkommer.<\/li>\n<li>Eventuell kostnad f\u00f6r elinstallation tillkommer, likas\u00e5 om el beh\u00f6ver dras om.<\/li>\n<\/ul>\n<\/div>\n<\/div>\n<p><b>Installation luftv\u00e4rmepump ink.\u00a0anslutningspaket exkl.\u00a0pump samt by-pass\u00a0\u00a0\u00a0\u00a0\u00a0\u00a0\u00a0\u00a0\u00a0\u00a0\u00a0\u00a0\u00a0\u00a0\u00a0\u00a0\u00a0\u00a0 <\/b><\/p>\n<p>I priset ing\u00e5r:<\/p>\n<ul>\n<li>Framk\u00f6rning<\/li>\n<li>Arbete,<\/li>\n<li>4 st kopplingar. (ej ventiler)<\/li>\n<li>5 m flexslang.<\/li>\n<\/ul>\n<p><strong><em>*Pris 4 690kr<\/em><\/strong><\/p>\n<p>Luftv\u00e4rmepump, by-pass och inkoppling av el ing\u00e5r ej. Vid nyinstallation kr\u00e4vs det beh\u00f6rig elektriker.<\/p>\n<p><em>F\u00f6r detta pris g\u00e4ller att befintligt system ej har kopparr\u00f6r eller limmade r\u00f6r. Det ska finnas ett plant underlag att st\u00e4lla den p\u00e5, exempelvis en enkel trall. Man ska kunna rulla in v\u00e4rmepumpen med en pirra alternativt\u00a0kund hj\u00e4lper till och b\u00e4r pump p\u00e5 plats.<\/em><\/p>\n<p>*Resa \u00f6ver 30 km\/resa eller \u00f6ver 30 min\/resv\u00e4g fr\u00e5n serviceverkstaden i T\u00e4by debiteras kund med 990 kr per p\u00e5b\u00f6rjad timme.<\/p>\n<p><strong>\u00a0<\/strong><\/p>\n<p><strong>Utbildning &#8211; Bli med Pool eller spa<\/strong><\/p>\n<p>Detta ing\u00e5r i utbildningen:<\/p>\n<p>\u2022\u00a0\u00a0 \u00a0Funktionskontroll av Pool\/spa-anl\u00e4ggning<br \/>\u2022\u00a0 \u00a0 Grundl\u00e4ggande utbildning \/ 1 bes\u00f6k.<\/p>\n<p><b>\u00a0 \u00a0 \u00a0 \u00a0 \u00a0 \u00a0*Pris: 4 990 kr inkl. resa<\/b><\/p>\n<p><strong>\u00a0<\/strong><\/p>\n<p>*Resa \u00f6ver 30 km\/resa eller \u00f6ver 30 min\/resv\u00e4g fr\u00e5n serviceverkstaden i T\u00e4by debiteras kund med 990 kr per p\u00e5b\u00f6rjad timme.<\/p>\n<p>\u00a0<\/p>\n<div id=\"svid12_42c2ed16170f39e1f075433c\" class=\"sv-text-portlet sv-use-margins sv-skip-spacer\">\n<div class=\"sv-text-portlet-content\">\n<h1 id=\"h-VillkorFolkpoolsservicetjanster\" class=\"env-ui-text-heading\">Generella villkor\u00a0servicetj\u00e4nster<\/h1>\n<\/div>\n<\/div>\n<div id=\"svid12_9dc7881832f96bb841764e\" class=\"sv-text-portlet sv-use-margins c12514\">\n<div id=\"Text\">\u00a0<\/div>\n<div class=\"sv-text-portlet-content\">\n<h2 id=\"h-Trygginstallation\" class=\"env-ui-text-subheading\">Trygg installation<\/h2>\n<\/div>\n<\/div>\n<div id=\"svid12_42c2ed16170f39e1f075433d\" class=\"sv-text-portlet sv-use-margins\">\n<div id=\"Ingress\">\u00a0<\/div>\n<div class=\"sv-text-portlet-content\">\n<p class=\"preamble\">N\u00e4r du best\u00e4ller dessa servicetj\u00e4nster fr\u00e5n Folkpool kan du k\u00e4nna dig trygg med att en utbildad fackman utf\u00f6r arbetet.<\/p>\n<p class=\"normal\">En av v\u00e5ra Folkpool\u00e5terf\u00f6rs\u00e4ljare levererar produkten hem till dig p\u00e5 avtalad tid samt installerar den. Installation sker p\u00e5 befintligt uttag\/koppling. T\u00e4nk p\u00e5 att kontrollera att produkten g\u00e5r att b\u00e4ra in\/kommer igenom eventuella d\u00f6rr\u00f6ppningar och passager.<\/p>\n<\/div>\n<\/div>\n<div id=\"svid12_42c2ed16170f39e1f075433e\" class=\"sv-text-portlet sv-use-margins\">\n<div id=\"Innehall\">\u00a0<\/div>\n<div class=\"sv-text-portlet-content\">\n<p class=\"normal\">Vid best\u00e4llning av produkt med installation \u00e4r det normala f\u00f6rfarandet att samtliga produkter levereras hem till dig vid installationstillf\u00e4llet, s\u00e5vida du inte har k\u00f6pt produkten tidigare av en Folkpoolbutik. Detta avtalas med vald \u00e5terf\u00f6rs\u00e4ljare.<\/p>\n<h3 id=\"h-Foljandeingarivarafastprissattaservicetjanster\" class=\"sv-font-rubrik-3\">F\u00f6ljande ing\u00e5r i v\u00e5ra fast prissatta servicetj\u00e4nster:<\/h3>\n<ul class=\" normal\">\n<li>Eventuell gammal produkt kopplas bort\/demonteras.<\/li>\n<li>Inb\u00e4rning av ny produkt till anvisad plats i direkt anslutning till el, vatten och avlopp (om produkten kr\u00e4ver det). F\u00f6r poolv\u00e4rmepump kan det beh\u00f6vas b\u00e4rhj\u00e4lp av kund.<\/li>\n<li>Produkten av emballeras.<\/li>\n<li>Vi kan returnera emballaget och eventuell trasig produkt till \u00e5tervinningskostnad.<\/li>\n<li>Montering sker enligt bruksanvisning.<\/li>\n<li>Funktionstest om m\u00f6jligt (provk\u00f6rning med stickkontakt).<\/li>\n<\/ul>\n<h3 id=\"h-Forvarafastprissattaservicetjanstergallerfoljandevillkor\" class=\"sv-font-rubrik-3\">F\u00f6r v\u00e5ra fast prissatta servicetj\u00e4nster g\u00e4ller f\u00f6ljande villkor:<\/h3>\n<ul class=\" normal\">\n<li>att det finns fungerande avst\u00e4ngning till pool vattnet i utrymmet d\u00e4r installationen ska g\u00f6ras eller i n\u00e4rliggande utrymme.<\/li>\n<li>att det finns vattenutkast med inkopplad vattenslang som \u00e4r framdraget till pool\/spabad. Vatten ing\u00e5r ej.<\/li>\n<li>att neds\u00e4nkt\/inbyggt spabad fril\u00e4ggs av kund s\u00e5 att hela badet \u00e4r \u00e5tkomligt vid service.<\/li>\n<li>att det finns tillg\u00e5ng till 230V eluttag max 20m fr\u00e5n pool\/spa.<\/li>\n<li>att det finns tillg\u00e5ng till huvudbrytare f\u00f6r el vid installationsplatsen eller i n\u00e4rliggande tillg\u00e4ngligt utrymme.<\/li>\n<li>att det inte kr\u00e4vs ombyggnad av v\u00e4ggar och tak.<\/li>\n<li>att vattenledningsr\u00f6r, avloppsr\u00f6r eller annat befintligt material inte beh\u00f6ver dras om, bytas eller kapas \u2013 att inga of\u00f6rutsedda arbeten kr\u00e4vs.<\/li>\n<li>att platsen f\u00f6r servicearbetet ligger max 30km fr\u00e5n din lokala Folkpoolbutik. Vid avst\u00e5nd ut\u00f6ver detta tillkommer tim- och milkostnad.<\/li>\n<li>Observera att elinstallation inte ing\u00e5r.<\/li>\n<li>Om n\u00f6dv\u00e4ndiga f\u00f6rberedelser inte \u00e4r gjorda av kunden enligt ovan, kan det debiteras tid f\u00f6r extra arbete samt eventuellt behov f\u00f6r ombokning.<\/li>\n<\/ul>\n<\/div>\n<\/div>\n<p><strong>\u00a0<\/strong><\/p>\n\n\n<p><\/p>\n","protected":false},"excerpt":{"rendered":"<p>Vi utf\u00f6r en m\u00e4ngd olika servicearbeten och reparationer \u00e5t Folkpool T\u00e4bys kunder. Pool Service och prislista ( F\u00f6ruts\u00e4tter en Folkpool standard typ 3&#215;6 till 4x8m ) Framk\u00f6rning\/Startavgift:1 timmes arbete p\u00e5 plats ink. f\u00f6rbrukningsmateriel och service bil.*Pris: 3 390 kr Arbetskostnad\u00a0 * 990kr\/tim *Resa \u00f6ver 30 km\/resa eller \u00f6ver 30 min\/resv\u00e4g fr\u00e5n serviceverkstaden i T\u00e4by debiteras &hellip; <\/p>\n<p class=\"link-more\"><a href=\"http:\/\/poolochspaservice.se\/?page_id=51\" class=\"more-link\">Forts\u00e4tt l\u00e4sa<span class=\"screen-reader-text\"> &#8221;Pool&#8221;<\/span><\/a><\/p>\n","protected":false},"author":3,"featured_media":0,"parent":0,"menu_order":0,"comment_status":"closed","ping_status":"closed","template":"","meta":[],"_links":{"self":[{"href":"http:\/\/poolochspaservice.se\/index.php?rest_route=\/wp\/v2\/pages\/51"}],"collection":[{"href":"http:\/\/poolochspaservice.se\/index.php?rest_route=\/wp\/v2\/pages"}],"about":[{"href":"http:\/\/poolochspaservice.se\/index.php?rest_route=\/wp\/v2\/types\/page"}],"author":[{"embeddable":true,"href":"http:\/\/poolochspaservice.se\/index.php?rest_route=\/wp\/v2\/users\/3"}],"replies":[{"embeddable":true,"href":"http:\/\/poolochspaservice.se\/index.php?rest_route=%2Fwp%2Fv2%2Fcomments&post=51"}],"version-history":[{"count":44,"href":"http:\/\/poolochspaservice.se\/index.php?rest_route=\/wp\/v2\/pages\/51\/revisions"}],"predecessor-version":[{"id":262,"href":"http:\/\/poolochspaservice.se\/index.php?rest_route=\/wp\/v2\/pages\/51\/revisions\/262"}],"wp:attachment":[{"href":"http:\/\/poolochspaservice.se\/index.php?rest_route=%2Fwp%2Fv2%2Fmedia&parent=51"}],"curies":[{"name":"wp","href":"https:\/\/api.w.org\/{rel}","templated":true}]}}