{"id":50,"date":"2019-09-10T17:49:32","date_gmt":"2019-09-10T16:49:32","guid":{"rendered":"http:\/\/poolochspaservice.se\/?page_id=50"},"modified":"2025-01-11T12:01:37","modified_gmt":"2025-01-11T11:01:37","slug":"spabad","status":"publish","type":"page","link":"http:\/\/poolochspaservice.se\/?page_id=50","title":{"rendered":"Spabad"},"content":{"rendered":"<p><strong>Vi erbjuder service och tj\u00e4nster p\u00e5 spabad till dig som \u00e4r Folkpool kund och bor i norra Stockholm.<\/strong><\/p>\n<p>Samarbete med Folkpool T\u00e4by<\/p>\n<p>https:\/\/www.folkpool.se\/aterforsaljare\/taby.html<\/p>\n<p>Fabrikat \/ M\u00e4rken p\u00e5 spabad som vi g\u00f6r service och reparationer p\u00e5:<\/p>\n<p><img loading=\"lazy\" class=\"aligncenter wp-image-109\" src=\"http:\/\/poolochspaservice.se\/wp-content\/uploads\/2018\/12\/dimension-logo-300x120.png\" alt=\"\" width=\"250\" height=\"100\" \/><\/p>\n<p><img loading=\"lazy\" class=\"aligncenter wp-image-112 size-full\" src=\"http:\/\/poolochspaservice.se\/wp-content\/uploads\/2018\/12\/vita-logo-e1543845184824.png\" alt=\"\" width=\"200\" height=\"93\" \/><\/p>\n<p><img loading=\"lazy\" class=\"aligncenter wp-image-110 size-medium\" src=\"http:\/\/poolochspaservice.se\/wp-content\/uploads\/2018\/12\/jacuzzi-logo-e1543844429396-300x87.jpg\" alt=\"\" width=\"300\" height=\"87\" \/><\/p>\n<p><img loading=\"lazy\" class=\"aligncenter wp-image-111\" src=\"http:\/\/poolochspaservice.se\/wp-content\/uploads\/2018\/12\/nordic-logo-150x150.jpg\" alt=\"\" width=\"200\" height=\"200\" \/><\/p>\n<p><strong>Spa Service<\/strong><\/p>\n<p>Framk\u00f6rnings avgift:<br \/>\n1 timmes arbete p\u00e5 plats (minimum debitering)<\/p>\n<p><em>*Pris: 3\u00a0 790 kr<\/em><\/p>\n<p>D\u00e4refter l\u00f6pande r\u00e4kning \u00e1 1190 kr per p\u00e5b\u00f6rjad arbetstimme.<\/p>\n<p><strong>Arbetskostnad\u00a0<\/strong><\/p>\n<p>*Pris 1190 kr\/timme<\/p>\n<p><strong>*Resa<\/strong><\/p>\n<p>\u00f6ver 30 km\/resa eller \u00f6ver 30 min\/resv\u00e4g fr\u00e5n serviceverkstaden i T\u00e4by debiteras kund med 90kr\/mil och 1190 kr per p\u00e5b\u00f6rjad timme.<\/p>\n<p><strong><u>Tj\u00e4nster<\/u><\/strong><\/p>\n<p><em>Vattenbyte<\/em> &#8211; Vattnet i badet beh\u00f6ver bytas 2-4 g\u00e5nger\/\u00e5r. Ju fler badande och mer frekvent anv\u00e4ndande medf\u00f6r fler vattenbyten.<\/p>\n<p><em>Ozonator byte \/ UV-C lampa<\/em>\u00a0&#8211; Ozon tar d\u00f6d p\u00e5 bakterier i badet och h\u00e5ller vattnet i gott skick.\u00a0 Ozonatorn ska normalt bytas 1-5 \u00e5r beroende p\u00e5 vilken filtreringstid och vilket system du har.<\/p>\n<p><em>Leverans Termolock &#8211;\u00a0<\/em>Vid k\u00f6p av nytt termolock kan vi leverera locket.<\/p>\n<p><em>Filter reng\u00f6ring &#8211;\u00a0<\/em>Reng\u00f6ring av filter ska g\u00f6ras 1-2 g\u00e5nger i m\u00e5naden beroende p\u00e5 hur ofta man badar. Byte av filter b\u00f6r g\u00f6ras var 12e m\u00e5nad.<\/p>\n<p><strong>Leveranspaket nya spabad<\/strong><\/p>\n<p>Till er som k\u00f6pt ett nytt spabad fr\u00e5n Folkpool T\u00e4by\/V\u00e4sby s\u00e5 har vi dessa tj\u00e4nster att erbjuda er n\u00e4r det g\u00e4ller att f\u00e5 spabadet hemlevererat.<\/p>\n<ul>\n<li><em>Brons<br \/>\n<\/em>Vi levererar ert nya spabad hem till tomtgr\u00e4ns.<br \/>\n*Pris: fr\u00e5n 6 990 kr<\/li>\n<li>Silver<br \/>\nVi levererar spabadet hem till er, hj\u00e4lper till att f\u00e5 det p\u00e5 plats.<br \/>\n*Pris: fr\u00e5n 8 990 kr<\/li>\n<li><em>Guld<br \/>\n<\/em>Vi levererar spabadet hem till er, hj\u00e4lper till att f\u00e5 det p\u00e5 plats och drifts\u00e4tter det samt att vi har en genomg\u00e5ng om hur spabadet fungerar.<br \/>\n*Pris: fr\u00e5n 12 990 kr<\/li>\n<\/ul>\n<p><strong>Vi reserverar oss f\u00f6r felskrivningar och f\u00f6rbeh\u00e5ller oss r\u00e4tten att g\u00f6ra ett hembes\u00f6k innan ett fast pris kan utlovas.<\/strong><\/p>\n","protected":false},"excerpt":{"rendered":"<p>Vi erbjuder service och tj\u00e4nster p\u00e5 spabad till dig som \u00e4r Folkpool kund och bor i norra Stockholm. Samarbete med Folkpool T\u00e4by https:\/\/www.folkpool.se\/aterforsaljare\/taby.html Fabrikat \/ M\u00e4rken p\u00e5 spabad som vi g\u00f6r service och reparationer p\u00e5: Spa Service Framk\u00f6rnings avgift: 1 timmes arbete p\u00e5 plats (minimum debitering) *Pris: 3\u00a0 790 kr D\u00e4refter l\u00f6pande r\u00e4kning \u00e1 1190 &hellip; <\/p>\n<p class=\"link-more\"><a href=\"http:\/\/poolochspaservice.se\/?page_id=50\" class=\"more-link\">Forts\u00e4tt l\u00e4sa<span class=\"screen-reader-text\"> &#8221;Spabad&#8221;<\/span><\/a><\/p>\n","protected":false},"author":3,"featured_media":0,"parent":0,"menu_order":0,"comment_status":"closed","ping_status":"closed","template":"","meta":[],"_links":{"self":[{"href":"http:\/\/poolochspaservice.se\/index.php?rest_route=\/wp\/v2\/pages\/50"}],"collection":[{"href":"http:\/\/poolochspaservice.se\/index.php?rest_route=\/wp\/v2\/pages"}],"about":[{"href":"http:\/\/poolochspaservice.se\/index.php?rest_route=\/wp\/v2\/types\/page"}],"author":[{"embeddable":true,"href":"http:\/\/poolochspaservice.se\/index.php?rest_route=\/wp\/v2\/users\/3"}],"replies":[{"embeddable":true,"href":"http:\/\/poolochspaservice.se\/index.php?rest_route=%2Fwp%2Fv2%2Fcomments&post=50"}],"version-history":[{"count":35,"href":"http:\/\/poolochspaservice.se\/index.php?rest_route=\/wp\/v2\/pages\/50\/revisions"}],"predecessor-version":[{"id":237,"href":"http:\/\/poolochspaservice.se\/index.php?rest_route=\/wp\/v2\/pages\/50\/revisions\/237"}],"wp:attachment":[{"href":"http:\/\/poolochspaservice.se\/index.php?rest_route=%2Fwp%2Fv2%2Fmedia&parent=50"}],"curies":[{"name":"wp","href":"https:\/\/api.w.org\/{rel}","templated":true}]}}